{"id":160,"date":"2018-12-17T10:31:16","date_gmt":"2018-12-17T09:31:16","guid":{"rendered":"https:\/\/brainteaselava.sk\/?page_id=160"},"modified":"2019-08-02T01:42:17","modified_gmt":"2019-08-01T23:42:17","slug":"160-2","status":"publish","type":"page","link":"https:\/\/brainteaselava.sk\/de\/","title":{"rendered":"Zuhause"},"content":{"rendered":"<p><div class=\"fusion-fullwidth fullwidth-box fusion-builder-row-1 fusion-flex-container nonhundred-percent-fullwidth non-hundred-percent-height-scrolling absolute-scroll-arrow\" style=\"--awb-border-radius-top-left:0px;--awb-border-radius-top-right:0px;--awb-border-radius-bottom-right:0px;--awb-border-radius-bottom-left:0px;--awb-flex-wrap:wrap;\" ><div class=\"fusion-builder-row fusion-row fusion-flex-align-items-flex-start fusion-flex-content-wrap\" style=\"max-width:calc( 1200px + 0px );margin-left: calc(-0px \/ 2 );margin-right: calc(-0px \/ 2 );\"><div class=\"fusion-layout-column fusion_builder_column fusion-builder-column-0 fusion_builder_column_1_1 1_1 fusion-flex-column\" style=\"--awb-bg-size:cover;--awb-width-large:100%;--awb-margin-top-large:0px;--awb-spacing-right-large:0px;--awb-margin-bottom-large:20px;--awb-spacing-left-large:0px;--awb-width-medium:100%;--awb-spacing-right-medium:0px;--awb-spacing-left-medium:0px;--awb-width-small:100%;--awb-spacing-right-small:0px;--awb-spacing-left-small:0px;\"><div class=\"fusion-column-wrapper fusion-flex-justify-content-flex-start fusion-content-layout-column\"><p class=\"absolute-scroll-down-arrow\"><i class=\"fas asda fa-arrow-circle-down\"><\/i><\/p>\n<script>\njQuery(document).on('click', '.asda', function(event){\n\n    jQuery('html, body').animate({ scrollTop: window.scrollY + jQuery(window).height()*0.9-50 }, 200);\n  \n});\n\nwindow.onscroll = function(ev) {\n    if ((window.innerHeight + window.scrollY + 500) >= document.body.scrollHeight) {\n      jQuery('.absolute-scroll-down-arrow').css('display', 'none');\n    }\n};\n\n<\/script><\/div><\/div><\/div><\/div>\n<div class=\"fusion-fullwidth fullwidth-box fusion-builder-row-2 fusion-flex-container nonhundred-percent-fullwidth non-hundred-percent-height-scrolling content content-right content-first hp-top\" style=\"--awb-border-radius-top-left:0px;--awb-border-radius-top-right:0px;--awb-border-radius-bottom-right:0px;--awb-border-radius-bottom-left:0px;--awb-flex-wrap:wrap;\" ><div class=\"fusion-builder-row fusion-row fusion-flex-align-items-flex-start fusion-flex-content-wrap\" style=\"max-width:calc( 1200px + 0px );margin-left: calc(-0px \/ 2 );margin-right: calc(-0px \/ 2 );\"><div class=\"fusion-layout-column fusion_builder_column fusion-builder-column-1 fusion_builder_column_1_1 1_1 fusion-flex-column dark-background\" style=\"--awb-bg-size:cover;--awb-width-large:100%;--awb-margin-top-large:0px;--awb-spacing-right-large:0px;--awb-margin-bottom-large:20px;--awb-spacing-left-large:0px;--awb-width-medium:100%;--awb-spacing-right-medium:0px;--awb-spacing-left-medium:0px;--awb-width-small:100%;--awb-spacing-right-small:0px;--awb-spacing-left-small:0px;\"><div class=\"fusion-column-wrapper fusion-flex-justify-content-flex-start fusion-content-layout-column\"><\/div><\/div><div class=\"fusion-layout-column fusion_builder_column fusion-builder-column-2 fusion_builder_column_1_1 1_1 fusion-flex-column content-box\" style=\"--awb-bg-image:url(&#039;https:\/\/brainteaselava.sk\/wp-content\/uploads\/2018\/12\/DSC09558-1024x683.jpg&#039;);--awb-bg-size:cover;--awb-width-large:100%;--awb-margin-top-large:0px;--awb-spacing-right-large:0px;--awb-margin-bottom-large:20px;--awb-spacing-left-large:0px;--awb-width-medium:100%;--awb-spacing-right-medium:0px;--awb-spacing-left-medium:0px;--awb-width-small:100%;--awb-spacing-right-small:0px;--awb-spacing-left-small:0px;\"><div class=\"fusion-column-wrapper fusion-flex-justify-content-flex-start fusion-content-layout-column fusion-column-has-bg-image\" data-bg-url=\"https:\/\/brainteaselava.sk\/wp-content\/uploads\/2018\/12\/DSC09558-1024x683.jpg\"><div class=\"switcher-main\">\n    <div class=\"switcher-tab first leaved\" style=\"background-image: url('https:\/\/brainteaselava.sk\/wp-content\/uploads\/2019\/03\/malyDetailJanosik.jpg')\">\n        <div class=\"tab-content\">\n            <div class=\"left-arrow\" onclick=\"switcherButtons('first', 'prev' )\">\n                <span><i class=\"fas fa-angle-left\"><\/i><\/span>\n            <\/div>\n            <div class=\"center-content\">\n\t\t\t\t<div class=\"center-badge\"><\/div>\n                <div class=\"header\">\n                    <p class=\"title\"><a class=\"leaved-hidden\">escape\u00a0room<\/a><a class=\"hovered-shown\" href=\"\/de\/escape-room\">escape\u00a0room<\/a><\/p>\n                    <p class=\"game-type\"><a class=\"leaved-hidden\">Der Schatz von J\u00e1no\u0161\u00edk<br>In\u00a0den\u00a0F\u00e4ngen der\u00a0Geheimpolizei<\/a><a class=\"hovered-shown\" href=\"\/de\/escape-room\">Der Schatz von J\u00e1no\u0161\u00edk<br> In\u00a0den\u00a0F\u00e4ngen der\u00a0Geheimpolizei<\/a><\/p>\n                <\/div>\n\n                <div class=\"text\">\n                    <p>Betreten Sie ein magisches Haus und finden Sie den legend\u00e4ren Schatz oder Erleben Sie Spa\u00df und Spannung in der Wohnung von Geheimpolizei.<\/p>\n                    <p>Interessante Aufgaben und Sehensw\u00fcrdigkeiten in Team von 2 bis 5 Leuten. Freuen Sie sich schon?<\/p>\n                <\/div>\n\n                <div class=\"buttons\">\n                    <button onclick=\"location.href='\/de\/escape-room';\" class=\"button button-red\">Buchen<i class=\"fas fa-angle-right\"><\/i><\/button>\n                    <a class=\"button-element button-transparent fusion-lightbox-link\" target=\"_self\" href=\"https:\/\/www.youtube.com\/watch?v=Ao46eCJk0aI\" >Video<i class=\"fas fa-angle-right\"><\/i><\/a>\n                <\/div>\n            <\/div>\n            <div class=\"right-arrow\" onclick=\"switcherButtons('first', 'next' )\">\n                <span><i class=\"fas fa-angle-right\"><\/i><\/span>\n            <\/div>\n        <\/div>\n    <\/div>\n    <div class=\"switcher-tab second leaved\" style=\"background-image: url('https:\/\/brainteaselava.sk\/wp-content\/uploads\/2019\/02\/bg-city.jpg');\">\n            <div class=\"tab-content\">\n                <div class=\"left-arrow\" onclick=\"switcherButtons('second', 'prev' )\">\n                    <span><i class=\"fas fa-angle-left\"><\/i><\/span>\n                <\/div>\n                <div class=\"center-content\">\n                    <div class=\"header\">\n                        <p class=\"title\"><a class=\"leaved-hidden\">city\u00a0game<\/a><a class=\"hovered-shown\" href=\"\/de\/city-game\">city\u00a0game<\/a><\/p>\n                        <p class=\"game-type\"><a class=\"leaved-hidden\">Entdecken Sie Bratislava<\/a><a class=\"hovered-shown\" href=\"\/de\/city-game\">Entdecken Sie Bratislava<\/a><\/p>\n                    <\/div>\n\n                    <div class=\"text\">\n                        <p>Das Spiels wird Sie zu interessanten Orten mit sch\u00f6nen Aussichten und einer besonderen Atmosph\u00e4re in der Altstadt von Bratislava nehmen.<\/p>\n                        <p>Interessante Aufgaben und Sehensw\u00fcrdigkeiten in Team von 2 bis 5 Leuten. Freuen Sie sich schon?<\/p>\n                    <\/div>\n\n                    <div class=\"buttons\">\n                        <button onclick=\"location.href='\/de\/city-game';\" class=\"button button-red\">Buchen<i class=\"fas fa-angle-right\"><\/i><\/button>\n                        <a class=\"button-element button-transparent fusion-lightbox-link\" href=\"https:\/\/www.youtube.com\/watch?v=DwbX7_8zmjc\">Video<i class=\"fas fa-angle-right\"><\/i><\/a>\n                    <\/div>\n                <\/div>\n                <div class=\"right-arrow\" onclick=\"switcherButtons('second', 'next' )\">\n                    <span><i class=\"fas fa-angle-right\"><\/i><\/span>\n                <\/div>\n            <\/div>\n        \n    <\/div>\n    <div class=\"switcher-tab third leaved\" style=\"background-image: url('https:\/\/brainteaselava.sk\/wp-content\/uploads\/2019\/02\/31351500_2044306545838127_694997177934369264_n-3.jpg');\">\n            <div class=\"tab-content\">\n                <div class=\"left-arrow\" onclick=\"switcherButtons('third', 'prev' )\">\n                    <span><i class=\"fas fa-angle-left\"><\/i><\/span>\n                <\/div>\n                <div class=\"center-content\">\n                    <div class=\"header\">\n                        <p class=\"title\"><a class=\"leaved-hidden\">mystery\u00a0dinner<\/a><a class=\"hovered-shown\" href=\"\/en\/mystery-dinner\">mystery\u00a0dinner<\/a><\/p>\n                        <p class=\"game-type\"><a class=\"leaved-hidden\">Murder at Ba\u0165a's<\/a><a class=\"hovered-shown\" href=\"\/en\/mystery-dinner\">Murder at Ba\u0165a's<\/a><\/p>\n                    <\/div>\n\n                    <div class=\"text\">\n                        <p>Become a detective and taste an atmosphere of the first Czechoslovak Republic. Will you reveal the killer and avoid your own suspicion?<\/p>\n                        <p>An exciting detective game for 7-12 players in a comfort of a great restaurant. (This game is played just in slovak and english)<\/p>\n                    <\/div>\n\n                    <div class=\"buttons\">\n                        <button onclick=\"location.href='\/en\/mystery-dinner';\" class=\"button button-red\">Book now<i class=\"fas fa-angle-right\"><\/i><\/button>\n                        <button onclick=\"location.href='\/en\/gift-card';\" class=\"button button-transparent\">Cift Card<i class=\"fas fa-angle-right\"><\/i><\/button>\n                    <\/div>\n                <\/div>\n                <div class=\"right-arrow\" onclick=\"switcherButtons('third', 'next' )\">\n                    <span><i class=\"fas fa-angle-right\"><\/i><\/span>\n                <\/div>\n            <\/div>\n        \n    <\/div>\n    \n<\/div>\n\n<script>\n        jQuery(document).ready(function(){\n            jQuery('.switcher-tab').hover( function(){\n                if ( jQuery(\".switcher-tab\").hasClass('hovered') ) {\n\t\t\t\t\tif (jQuery(window).width() > 768) {\n\t\t\t\t\t\tjQuery(\".switcher-tab\").not(this).removeClass('hovered');\n                    \tjQuery(\".switcher-tab\").not(this).addClass('leaved');\n\t\t\t\t\t}\n                }\n\n                if ( jQuery(this).hasClass('leaved')) {\n\t\t\t\t\tjQuery(this).removeClass('leaved');\n                    jQuery(this).addClass('hovered');\n                }\n            });\n        });\n\n        jQuery('.left-arrow').click(function(){\n            jQuery('.switcher-tab').unbind(\"mouseenter mouseleave\");\n        });\n\n        jQuery('.right-arrow').click(function(){\n            jQuery('.switcher-tab').unbind(\"mouseenter mouseleave\");\n        });\n\n\n\n        function switcherButtons(current, direction) {\n            if (direction == \"next\") {\n                if (current == \"first\") {\n                    jQuery('.first').removeClass('hovered');\n                    jQuery('.first').addClass('leaved');\n                    jQuery('.second').removeClass('leaved');\n                    jQuery('.second').addClass('hovered');\n\n                } else  if (current == \"second\") {\n                    jQuery('.second').removeClass('hovered');\n                    jQuery('.second').addClass('leaved');\n                    jQuery('.third').removeClass('leaved');\n                    jQuery('.third').addClass('hovered');\n\n                    \n                } else  if (current == \"third\") {\n                    jQuery('.third').removeClass('hovered');\n                    jQuery('.third').addClass('leaved');\n                    jQuery('.fourth').removeClass('leaved');\n                    jQuery('.fourth').addClass('hovered');\n\n\n                } else  if (current == \"fourth\") {\n                    jQuery('.fourth').removeClass('hovered');\n                    jQuery('.fourth').addClass('leaved');\n                    jQuery('.first').removeClass('leaved');\n                    jQuery('.first').addClass('hovered');\n\n                }\n\n\n\n            } else if (direction == \"prev\") {\n                if (current == \"first\") {\n                    jQuery('.first').removeClass('hovered');\n                    jQuery('.first').addClass('leaved');\n                    jQuery('.fourth').removeClass('leaved');\n                    jQuery('.fourth').addClass('hovered');\n\n                } else  if (current == \"second\") {\n                    jQuery('.second').removeClass('hovered');\n                    jQuery('.second').addClass('leaved');\n                    jQuery('.first').removeClass('leaved');\n                    jQuery('.first').addClass('hovered');\n\n                    \n                } else  if (current == \"third\") {\n                    jQuery('.third').removeClass('hovered');\n                    jQuery('.third').addClass('leaved');\n                    jQuery('.second').removeClass('leaved');\n                    jQuery('.second').addClass('hovered');\n\n\n                } else  if (current == \"fourth\") {\n                    jQuery('.fourth').removeClass('hovered');\n                    jQuery('.fourth').addClass('leaved');\n                    jQuery('.third').removeClass('leaved');\n                    jQuery('.third').addClass('hovered');\n\n\n                }\n\n            }\n        }\n<\/script>\n<\/div><\/div><\/div><\/div><div class=\"fusion-fullwidth fullwidth-box fusion-builder-row-3 fusion-flex-container nonhundred-percent-fullwidth non-hundred-percent-height-scrolling content-review\" style=\"--awb-border-radius-top-left:0px;--awb-border-radius-top-right:0px;--awb-border-radius-bottom-right:0px;--awb-border-radius-bottom-left:0px;--awb-flex-wrap:wrap;\" ><div class=\"fusion-builder-row fusion-row fusion-flex-align-items-flex-start fusion-flex-content-wrap\" style=\"max-width:1248px;margin-left: calc(-4% \/ 2 );margin-right: calc(-4% \/ 2 );\"><div class=\"fusion-layout-column fusion_builder_column fusion-builder-column-3 fusion_builder_column_3_4 3_4 fusion-flex-column\" style=\"--awb-bg-size:cover;--awb-width-large:75%;--awb-margin-top-large:0px;--awb-spacing-right-large:3.84%;--awb-margin-bottom-large:20px;--awb-spacing-left-large:2.56%;--awb-width-medium:75%;--awb-spacing-right-medium:3.84%;--awb-spacing-left-medium:2.56%;--awb-width-small:100%;--awb-spacing-right-small:1.92%;--awb-spacing-left-small:1.92%;\"><div class=\"fusion-column-wrapper fusion-flex-justify-content-flex-start fusion-content-layout-column\"><div class=\"fusion-text fusion-text-1 title title-dark\"><p>Kundenbewertungen<\/p>\n<\/div><\/div><\/div><div class=\"fusion-layout-column fusion_builder_column fusion-builder-column-4 fusion_builder_column_1_4 1_4 fusion-flex-column\" style=\"--awb-bg-size:cover;--awb-width-large:25%;--awb-margin-top-large:0px;--awb-spacing-right-large:7.68%;--awb-margin-bottom-large:20px;--awb-spacing-left-large:3.84%;--awb-width-medium:25%;--awb-spacing-right-medium:7.68%;--awb-spacing-left-medium:3.84%;--awb-width-small:100%;--awb-spacing-right-small:1.92%;--awb-spacing-left-small:1.92%;\"><div class=\"fusion-column-wrapper fusion-flex-justify-content-flex-start fusion-content-layout-column\"><a class=\"fusion-modal-text-link\" data-toggle=\"modal\" data-target=\".fusion-modal.#\" href=\"#\"><a class=\"arrow-link\" href=\"https:\/\/www.tripadvisor.sk\/Attraction_Review-g274924-d8407222-Reviews-BrainTeaseLava_more_than_Escape_Room-Bratislava_Bratislava_Region.html\" target=\"_blank\" rel=\"noopener noreferrer\">mehr bewertungen <i class=\"fas fa-chevron-right\"><\/i><\/a><\/a><\/div><\/div><div class=\"fusion-layout-column fusion_builder_column fusion-builder-column-5 fusion_builder_column_2_3 2_3 fusion-flex-column fusion-no-small-visibility\" style=\"--awb-bg-size:cover;--awb-width-large:66.6666666667%;--awb-margin-top-large:0px;--awb-spacing-right-large:3.84%;--awb-margin-bottom-large:20px;--awb-spacing-left-large:2.88%;--awb-width-medium:66.6666666667%;--awb-spacing-right-medium:3.84%;--awb-spacing-left-medium:2.88%;--awb-width-small:100%;--awb-spacing-right-small:1.92%;--awb-spacing-left-small:1.92%;\"><div class=\"fusion-column-wrapper fusion-flex-justify-content-flex-start fusion-content-layout-column\">[wprevpro_usetemplate tid=\"13\"] <\/div><\/div><div class=\"fusion-layout-column fusion_builder_column fusion-builder-column-6 fusion_builder_column_1_3 1_3 fusion-flex-column\" style=\"--awb-bg-size:cover;--awb-width-large:33.3333333333%;--awb-margin-top-large:0px;--awb-spacing-right-large:5.76%;--awb-margin-bottom-large:20px;--awb-spacing-left-large:3.83999999999%;--awb-width-medium:33.3333333333%;--awb-spacing-right-medium:5.76%;--awb-spacing-left-medium:3.83999999999%;--awb-width-small:100%;--awb-spacing-right-small:1.92%;--awb-spacing-left-small:1.92%;\"><div class=\"fusion-column-wrapper fusion-flex-justify-content-flex-start fusion-content-layout-column\">[wprevpro_usebadge tid=\"2\"]<\/div><\/div><div class=\"fusion-layout-column fusion_builder_column fusion-builder-column-7 fusion_builder_column_1_1 1_1 fusion-flex-column fusion-no-medium-visibility fusion-no-large-visibility\" style=\"--awb-bg-size:cover;--awb-width-large:100%;--awb-margin-top-large:0px;--awb-spacing-right-large:1.92%;--awb-margin-bottom-large:20px;--awb-spacing-left-large:1.92%;--awb-width-medium:100%;--awb-spacing-right-medium:1.92%;--awb-spacing-left-medium:1.92%;--awb-width-small:100%;--awb-spacing-right-small:1.92%;--awb-spacing-left-small:1.92%;\"><div class=\"fusion-column-wrapper fusion-flex-justify-content-flex-start fusion-content-layout-column\">[wprevpro_usetemplate tid=\"14\"] <\/div><\/div><\/div><\/div><div class=\"fusion-fullwidth fullwidth-box fusion-builder-row-4 fusion-flex-container nonhundred-percent-fullwidth non-hundred-percent-height-scrolling content content-right content-border-bottom content-bottom\" style=\"--awb-border-radius-top-left:0px;--awb-border-radius-top-right:0px;--awb-border-radius-bottom-right:0px;--awb-border-radius-bottom-left:0px;--awb-flex-wrap:wrap;\" id=\"write-us-form\" ><div class=\"fusion-builder-row fusion-row fusion-flex-align-items-flex-start fusion-flex-content-wrap\" style=\"max-width:1248px;margin-left: calc(-4% \/ 2 );margin-right: calc(-4% \/ 2 );\"><div class=\"fusion-layout-column fusion_builder_column fusion-builder-column-8 fusion_builder_column_1_1 1_1 fusion-flex-column dark-background\" style=\"--awb-bg-size:cover;--awb-width-large:100%;--awb-margin-top-large:0px;--awb-spacing-right-large:1.92%;--awb-margin-bottom-large:20px;--awb-spacing-left-large:1.92%;--awb-width-medium:100%;--awb-spacing-right-medium:1.92%;--awb-spacing-left-medium:1.92%;--awb-width-small:100%;--awb-spacing-right-small:1.92%;--awb-spacing-left-small:1.92%;\"><div class=\"fusion-column-wrapper fusion-flex-justify-content-flex-start fusion-content-layout-column\"><\/div><\/div><div class=\"fusion-layout-column fusion_builder_column fusion-builder-column-9 fusion_builder_column_1_1 1_1 fusion-flex-column content-box\" style=\"--awb-bg-image:url(&#039;https:\/\/brainteaselava.sk\/wp-content\/uploads\/2019\/03\/keramikaMensia.jpg&#039;);--awb-bg-size:cover;--awb-width-large:100%;--awb-margin-top-large:0px;--awb-spacing-right-large:1.92%;--awb-margin-bottom-large:20px;--awb-spacing-left-large:1.92%;--awb-width-medium:100%;--awb-spacing-right-medium:1.92%;--awb-spacing-left-medium:1.92%;--awb-width-small:100%;--awb-spacing-right-small:1.92%;--awb-spacing-left-small:1.92%;\"><div class=\"fusion-column-wrapper fusion-flex-justify-content-flex-start fusion-content-layout-column fusion-column-has-bg-image\" data-bg-url=\"https:\/\/brainteaselava.sk\/wp-content\/uploads\/2019\/03\/keramikaMensia.jpg\"><div class=\"fusion-builder-row fusion-builder-row-inner fusion-row fusion-flex-align-items-flex-start fusion-flex-content-wrap\" style=\"width:104% !important;max-width:104% !important;margin-left: calc(-4% \/ 2 );margin-right: calc(-4% \/ 2 );\"><div class=\"fusion-layout-column fusion_builder_column_inner fusion-builder-nested-column-0 fusion_builder_column_inner_3_5 3_5 fusion-flex-column dark-background-content\" style=\"--awb-bg-color:rgba(10,10,10,0.75);--awb-bg-color-hover:rgba(10,10,10,0.75);--awb-bg-size:cover;--awb-width-large:60%;--awb-margin-top-large:0px;--awb-spacing-right-large:3.84%;--awb-margin-bottom-large:20px;--awb-spacing-left-large:3.2%;--awb-width-medium:60%;--awb-spacing-right-medium:3.84%;--awb-spacing-left-medium:3.2%;--awb-width-small:100%;--awb-spacing-right-small:1.92%;--awb-spacing-left-small:1.92%;\"><div class=\"fusion-column-wrapper fusion-flex-justify-content-flex-start fusion-content-layout-column\"><div class=\"fusion-text fusion-text-2 title title-white\"><p>Geschenkkarte<\/p>\n<\/div><div class=\"fusion-text fusion-text-3\"><p>Geben Sie ihnen ein unvergessliches Erlebnis in Form einer Brainteaselava-Geschenkkarte. Sie k\u00f6nnen es entweder f\u00fcr unser\u00a0<a href=\"https:\/\/brainteaselava.sk\/de\/das-spiel\/\">Escape Room<\/a>\u00a0oder\u00a0\u00a0<a href=\"https:\/\/brainteaselava.sk\/de\/city-game-de\/\">City Game<\/a>\u00a0verwenden.<\/p>\n<p>Die Geschenkkarte ist f\u00fcr jedes unserer Spiel g\u00fcltig f\u00fcr mindestens ein Jahr.<\/p>\n<\/div><button onclick=\"location.href='\/en\/gift-card';\" class=\"button-element button-red\">Mehr info<i class=\"fas fa-angle-right\"><\/i><\/button>\n<button onclick=\"location.href='\/en\/gift-card';\" class=\"button-element button-transparent\">Bestellen<i class=\"fas fa-angle-right\"><\/i><\/button><\/div><\/div><div class=\"fusion-layout-column fusion_builder_column_inner fusion-builder-nested-column-1 fusion_builder_column_inner_2_5 2_5 fusion-flex-column\" style=\"--awb-bg-size:cover;--awb-width-large:40%;--awb-margin-top-large:0px;--awb-spacing-right-large:4.8%;--awb-margin-bottom-large:20px;--awb-spacing-left-large:3.84%;--awb-width-medium:40%;--awb-spacing-right-medium:4.8%;--awb-spacing-left-medium:3.84%;--awb-width-small:100%;--awb-spacing-right-small:1.92%;--awb-spacing-left-small:1.92%;\"><div class=\"fusion-column-wrapper fusion-flex-justify-content-flex-start fusion-content-layout-column\"><\/div><\/div><\/div><\/div><\/div><\/div><\/div>\n<\/p>\n","protected":false},"excerpt":{"rendered":"","protected":false},"author":1,"featured_media":0,"parent":0,"menu_order":0,"comment_status":"closed","ping_status":"closed","template":"","meta":{"footnotes":""},"class_list":["post-160","page","type-page","status-publish","hentry"],"aioseo_notices":[],"_links":{"self":[{"href":"https:\/\/brainteaselava.sk\/de\/wp-json\/wp\/v2\/pages\/160","targetHints":{"allow":["GET"]}}],"collection":[{"href":"https:\/\/brainteaselava.sk\/de\/wp-json\/wp\/v2\/pages"}],"about":[{"href":"https:\/\/brainteaselava.sk\/de\/wp-json\/wp\/v2\/types\/page"}],"author":[{"embeddable":true,"href":"https:\/\/brainteaselava.sk\/de\/wp-json\/wp\/v2\/users\/1"}],"replies":[{"embeddable":true,"href":"https:\/\/brainteaselava.sk\/de\/wp-json\/wp\/v2\/comments?post=160"}],"version-history":[{"count":10,"href":"https:\/\/brainteaselava.sk\/de\/wp-json\/wp\/v2\/pages\/160\/revisions"}],"predecessor-version":[{"id":3528,"href":"https:\/\/brainteaselava.sk\/de\/wp-json\/wp\/v2\/pages\/160\/revisions\/3528"}],"wp:attachment":[{"href":"https:\/\/brainteaselava.sk\/de\/wp-json\/wp\/v2\/media?parent=160"}],"curies":[{"name":"wp","href":"https:\/\/api.w.org\/{rel}","templated":true}]}}