{"id":2312,"date":"2019-03-04T23:43:04","date_gmt":"2019-03-04T22:43:04","guid":{"rendered":"https:\/\/brainteaselava.sk\/?page_id=2312"},"modified":"2019-05-15T09:19:06","modified_gmt":"2019-05-15T07:19:06","slug":"games","status":"publish","type":"page","link":"https:\/\/brainteaselava.sk\/en\/games\/","title":{"rendered":"Games"},"content":{"rendered":"<p><div class=\"fusion-fullwidth fullwidth-box fusion-builder-row-1 nonhundred-percent-fullwidth non-hundred-percent-height-scrolling content content-right content-first hp-top\" style=\"--awb-border-radius-top-left:0px;--awb-border-radius-top-right:0px;--awb-border-radius-bottom-right:0px;--awb-border-radius-bottom-left:0px;--awb-flex-wrap:wrap;\" ><div class=\"fusion-builder-row fusion-row\"><div class=\"fusion-layout-column fusion_builder_column fusion-builder-column-0 fusion_builder_column_1_1 1_1 fusion-one-full fusion-column-first fusion-column-last dark-background\" style=\"--awb-bg-size:cover;\"><div class=\"fusion-column-wrapper fusion-flex-column-wrapper-legacy\"><div class=\"fusion-clearfix\"><\/div><\/div><\/div><div class=\"fusion-layout-column fusion_builder_column fusion-builder-column-1 fusion_builder_column_1_1 1_1 fusion-one-full fusion-column-first fusion-column-last content-box\" style=\"--awb-bg-image:url(&#039;https:\/\/brainteaselava.sk\/wp-content\/uploads\/2018\/12\/DSC09558-1024x683.jpg&#039;);--awb-bg-size:cover;\"><div class=\"fusion-column-wrapper fusion-flex-column-wrapper-legacy fusion-column-has-bg-image\" data-bg-url=\"https:\/\/brainteaselava.sk\/wp-content\/uploads\/2018\/12\/DSC09558-1024x683.jpg\"><div class=\"switcher-main\">\n    <div class=\"switcher-tab first leaved\" style=\"background-image: url('https:\/\/brainteaselava.sk\/wp-content\/uploads\/2019\/03\/malyDetailJanosik.jpg')\">\n        <div class=\"tab-content\">\n            <div class=\"left-arrow\" onclick=\"switcherButtons('first', 'prev' )\">\n                <span><i class=\"fas fa-angle-left\"><\/i><\/span>\n            <\/div>\n            <div class=\"center-content\">\n\t\t\t\t<div class=\"center-badge\"><\/div>\n                <div class=\"header\">\n                    <p class=\"title\"><a class=\"leaved-hidden\">escape\u00a0room<\/a><a class=\"hovered-shown\" href=\"\/en\/escape-room\">escape\u00a0room<\/a><\/p>\n                    <p class=\"game-type\"><a class=\"leaved-hidden\">Treasure of J\u00e1no\u0161\u00edk, In\u00a0the clutches of secret police<\/a><a class=\"hovered-shown\" href=\"\/en\/escape-room\">Treasure of J\u00e1no\u0161\u00edk, In\u00a0the clutches of Secret Police<\/a><\/p>\n                <\/div>\n\n                <div class=\"text\">\n                    <p>Enter a magic house and find a legendary Treasure of J\u00e1no\u0161\u00edk or experience fun and thrill in a flat of secret agent.<\/p>\n                    <p>Enjoy unique atmosphere with a team of 2-5 people (3\u00a0teams can play at once) and challenge your cooperation and common sense.<\/p>\n                <\/div>\n\n                <div class=\"buttons\">\n                    <button onclick=\"location.href='\/en\/escape-room';\" class=\"button button-red\">Book now<i class=\"fas fa-angle-right\"><\/i><\/button>\n                    <a class=\"button-element button-transparent fusion-lightbox-link\" target=\"_self\" href=\"https:\/\/www.youtube.com\/watch?v=Ao46eCJk0aI\">Watch a video<i class=\"fas fa-angle-right\"><\/i><\/a>\n                <\/div>\n            <\/div>\n            <div class=\"right-arrow\" onclick=\"switcherButtons('first', 'next' )\">\n                <span><i class=\"fas fa-angle-right\"><\/i><\/span>\n            <\/div>\n        <\/div>\n    <\/div>\n    <div class=\"switcher-tab second leaved\" style=\"background-image: url('https:\/\/brainteaselava.sk\/wp-content\/uploads\/2019\/02\/bg-city.jpg');\">\n            <div class=\"tab-content\">\n                <div class=\"left-arrow\" onclick=\"switcherButtons('second', 'prev' )\">\n                    <span><i class=\"fas fa-angle-left\"><\/i><\/span>\n                <\/div>\n                <div class=\"center-content\">\n                    <div class=\"header\">\n                        <p class=\"title\"><a class=\"leaved-hidden\">city\u00a0game<\/a><a class=\"hovered-shown\" href=\"\/en\/city-game\">city\u00a0game<\/a><\/p>\n                        <p class=\"game-type\"><a class=\"leaved-hidden\">Discover Bratislava<\/a><a class=\"hovered-shown\" href=\"\/en\/city-game\">Discover Bratislava<\/a><\/p>\n                    <\/div>\n\n                    <div class=\"text\">\n                        <p>Discover Bratislava city centre in an amusing and unconvential way! Can you find your way and complete your mission?<\/p>\n                        <p>City Game full of original tasks for teams of 2-5 people, facts and myths and great views of Bratislava.<\/p>\n                    <\/div>\n\n                    <div class=\"buttons\">\n                        <button onclick=\"location.href='\/en\/city-game';\" class=\"button button-red\">Book now<i class=\"fas fa-angle-right\"><\/i><\/button>\n                        <a class=\"button-element button-transparent fusion-lightbox-link\" target=\"_self\" href=\"https:\/\/www.youtube.com\/watch?v=DwbX7_8zmjc\">Watch a video<i class=\"fas fa-angle-right\"><\/i><\/a>\n                    <\/div>\n                <\/div>\n                <div class=\"right-arrow\" onclick=\"switcherButtons('second', 'next' )\">\n                    <span><i class=\"fas fa-angle-right\"><\/i><\/span>\n                <\/div>\n            <\/div>\n        \n    <\/div>\n    <div class=\"switcher-tab third leaved\" style=\"background-image: url('https:\/\/brainteaselava.sk\/wp-content\/uploads\/2019\/02\/31351500_2044306545838127_694997177934369264_n-3.jpg');\">\n            <div class=\"tab-content\">\n                <div class=\"left-arrow\" onclick=\"switcherButtons('third', 'prev' )\">\n                    <span><i class=\"fas fa-angle-left\"><\/i><\/span>\n                <\/div>\n                <div class=\"center-content\">\n                    <div class=\"header\">\n                        <p class=\"title\"><a class=\"leaved-hidden\">mystery\u00a0dinner<\/a><a class=\"hovered-shown\" href=\"\/en\/mystery-dinner\">mystery\u00a0dinner<\/a><\/p>\n                        <p class=\"game-type\"><a class=\"leaved-hidden\">Murder at Ba\u0165a's<\/a><a class=\"hovered-shown\" href=\"\/en\/mystery-dinner\">Murder at Ba\u0165a's<\/a><\/p>\n                    <\/div>\n\n                    <div class=\"text\">\n                        <p>Become a detective and taste an atmosphere of the first Czechoslovak Republic. Will you reveal the killer and avoid your own suspicion?<\/p>\n                        <p>An exciting detective game for 7-12 players in a comfort of a great restaurant.<\/p>\n                    <\/div>\n\n                    <div class=\"buttons\">\n                        <button onclick=\"location.href='\/en\/mystery-dinner';\" class=\"button button-red\">Book now<i class=\"fas fa-angle-right\"><\/i><\/button>\n                        <button onclick=\"location.href='\/gift-card';\" class=\"button button-transparent\">Gift card<i class=\"fas fa-angle-right\"><\/i><\/button>\n                    <\/div>\n                <\/div>\n                <div class=\"right-arrow\" onclick=\"switcherButtons('third', 'next' )\">\n                    <span><i class=\"fas fa-angle-right\"><\/i><\/span>\n                <\/div>\n            <\/div>\n        \n    <\/div>\n    <div class=\"switcher-tab fourth leaved\" style=\"background-image: url('https:\/\/brainteaselava.sk\/wp-content\/uploads\/2019\/02\/DSC09558-1024x683-1.jpg');\">\n            <div class=\"tab-content\">\n                <div class=\"left-arrow\" onclick=\"switcherButtons('fourth', 'prev' )\">\n                    <span><i class=\"fas fa-angle-left\"><\/i><\/span>\n                <\/div>\n                <div class=\"center-content\">\n                    <div class=\"header\">\n                        <p class=\"title\"><a class=\"leaved-hidden\">teambuilding<\/a><a class=\"hovered-shown\" href=\"\/en\/customized-teambuilding-activities\/\">teambuilding<\/a><\/p>\n                        <p class=\"game-type\"><a class=\"leaved-hidden\">extra<\/a><a class=\"hovered-shown\" href=\"\/en\/customized-teambuilding-activities\/\">Extra<\/a><\/p>\n                    <\/div>\n\n                    <div class=\"text\">\n                        <p>Do you want a team building to have fun, improve relationships or communication in your company or organization? <\/p>\n                        <p>Besides standard games offered on daily basis we offer also plenty of other activities with capacity up to 500 people that we adjust according to your needs.<\/p>\n                    <\/div>\n\n                    <div class=\"buttons\">\n                        <button onclick=\"location.href='\/en\/customized-teambuilding-activities\/';\" class=\"button button-red\">More info<i class=\"fas fa-angle-right\"><\/i><\/button>\n                        <a class=\"button-element button-transparent fusion-lightbox-link\" target=\"_self\" href=\"https:\/\/youtu.be\/tfkKbafP9NI\">Watch a video<i class=\"fas fa-angle-right\"><\/i><\/a>\n                    <\/div>\n                <\/div>\n                <div class=\"right-arrow\" onclick=\"switcherButtons('fourth', 'next' )\">\n                    <span><i class=\"fas fa-angle-right\"><\/i><\/span>\n                <\/div>\n            <\/div>\n        \n    <\/div>\n<\/div>\n\n<script>\n        jQuery(document).ready(function(){\n            jQuery('.switcher-tab').hover( function(){\n                if ( jQuery(\".switcher-tab\").hasClass('hovered') ) {\n\t\t\t\t\tif (jQuery(window).width() > 768) {\n\t\t\t\t\t\tjQuery(\".switcher-tab\").not(this).removeClass('hovered');\n                    \tjQuery(\".switcher-tab\").not(this).addClass('leaved');\n\t\t\t\t\t}\n                }\n\n                if ( jQuery(this).hasClass('leaved')) {\n\t\t\t\t\tjQuery(this).removeClass('leaved');\n                    jQuery(this).addClass('hovered');\n                }\n            });\n        });\n\n        jQuery('.left-arrow').click(function(){\n            jQuery('.switcher-tab').unbind(\"mouseenter mouseleave\");\n        });\n\n        jQuery('.right-arrow').click(function(){\n            jQuery('.switcher-tab').unbind(\"mouseenter mouseleave\");\n        });\n\n\n\n        function switcherButtons(current, direction) {\n            if (direction == \"next\") {\n                if (current == \"first\") {\n                    jQuery('.first').removeClass('hovered');\n                    jQuery('.first').addClass('leaved');\n                    jQuery('.second').removeClass('leaved');\n                    jQuery('.second').addClass('hovered');\n\n                } else  if (current == \"second\") {\n                    jQuery('.second').removeClass('hovered');\n                    jQuery('.second').addClass('leaved');\n                    jQuery('.third').removeClass('leaved');\n                    jQuery('.third').addClass('hovered');\n\n                    \n                } else  if (current == \"third\") {\n                    jQuery('.third').removeClass('hovered');\n                    jQuery('.third').addClass('leaved');\n                    jQuery('.fourth').removeClass('leaved');\n                    jQuery('.fourth').addClass('hovered');\n\n\n                } else  if (current == \"fourth\") {\n                    jQuery('.fourth').removeClass('hovered');\n                    jQuery('.fourth').addClass('leaved');\n                    jQuery('.first').removeClass('leaved');\n                    jQuery('.first').addClass('hovered');\n\n                }\n\n\n\n            } else if (direction == \"prev\") {\n                if (current == \"first\") {\n                    jQuery('.first').removeClass('hovered');\n                    jQuery('.first').addClass('leaved');\n                    jQuery('.fourth').removeClass('leaved');\n                    jQuery('.fourth').addClass('hovered');\n\n                } else  if (current == \"second\") {\n                    jQuery('.second').removeClass('hovered');\n                    jQuery('.second').addClass('leaved');\n                    jQuery('.first').removeClass('leaved');\n                    jQuery('.first').addClass('hovered');\n\n                    \n                } else  if (current == \"third\") {\n                    jQuery('.third').removeClass('hovered');\n                    jQuery('.third').addClass('leaved');\n                    jQuery('.second').removeClass('leaved');\n                    jQuery('.second').addClass('hovered');\n\n\n                } else  if (current == \"fourth\") {\n                    jQuery('.fourth').removeClass('hovered');\n                    jQuery('.fourth').addClass('leaved');\n                    jQuery('.third').removeClass('leaved');\n                    jQuery('.third').addClass('hovered');\n\n\n                }\n\n            }\n        }\n<\/script>\n<div class=\"fusion-clearfix\"><\/div><\/div><\/div><\/div><\/div>\n<div class=\"fusion-fullwidth fullwidth-box fusion-builder-row-2 nonhundred-percent-fullwidth non-hundred-percent-height-scrolling content content-right content-border-bottom content-bottom\" style=\"--awb-border-radius-top-left:0px;--awb-border-radius-top-right:0px;--awb-border-radius-bottom-right:0px;--awb-border-radius-bottom-left:0px;--awb-flex-wrap:wrap;\" id=\"kontakt\" ><div class=\"fusion-builder-row fusion-row\"><div class=\"fusion-layout-column fusion_builder_column fusion-builder-column-2 fusion_builder_column_1_1 1_1 fusion-one-full fusion-column-first fusion-column-last dark-background\" style=\"--awb-bg-size:cover;\"><div class=\"fusion-column-wrapper fusion-flex-column-wrapper-legacy\"><div class=\"fusion-clearfix\"><\/div><\/div><\/div><div class=\"fusion-layout-column fusion_builder_column fusion-builder-column-3 fusion_builder_column_1_1 1_1 fusion-one-full fusion-column-first fusion-column-last content-box\" style=\"--awb-bg-image:url(&#039;https:\/\/brainteaselava.sk\/wp-content\/uploads\/2019\/02\/keramikaMensia-1024x683.jpg&#039;);--awb-bg-size:cover;\"><div class=\"fusion-column-wrapper fusion-flex-column-wrapper-legacy fusion-column-has-bg-image\" data-bg-url=\"https:\/\/brainteaselava.sk\/wp-content\/uploads\/2019\/02\/keramikaMensia-1024x683.jpg\"><div class=\"fusion-builder-row fusion-builder-row-inner fusion-row\"><div class=\"fusion-layout-column fusion_builder_column_inner fusion-builder-nested-column-0 fusion_builder_column_inner_3_5 3_5 fusion-three-fifth fusion-column-first dark-background-content\" style=\"--awb-bg-color:rgba(10,10,10,0.75);--awb-bg-color-hover:rgba(10,10,10,0.75);--awb-bg-size:cover;width:60%;width:calc(60% - ( ( 4% ) * 0.6 ) );margin-right: 4%;\"><div class=\"fusion-column-wrapper fusion-flex-column-wrapper-legacy\"><div class=\"fusion-text fusion-text-1 title title-white\"><p>Gift Card<\/p>\n<\/div><div class=\"fusion-text fusion-text-2\"><p>Be original and give your loved ones an amazing adventure in a form of a Gift Card Brainteaselava. They can choose if they will use it for Escape Room or City Game.<\/p>\n<p>Another option is a gift card for a Mystery Dinner. Gift cards are valid for more than a year so you definitely will find a proper date to play.<\/p>\n<\/div><button onclick=\"location.href='\/en\/gift-card';\" class=\"button-element button-red\">More info<i class=\"fas fa-angle-right\"><\/i><\/button>\n<button onclick=\"location.href='\/en\/gift-card';\" class=\"button-element button-transparent\">Buy now<i class=\"fas fa-angle-right\"><\/i><\/button><div class=\"fusion-clearfix\"><\/div><\/div><\/div><div class=\"fusion-layout-column fusion_builder_column_inner fusion-builder-nested-column-1 fusion_builder_column_inner_2_5 2_5 fusion-two-fifth fusion-column-last\" style=\"--awb-bg-size:cover;width:40%;width:calc(40% - ( ( 4% ) * 0.4 ) );\"><div class=\"fusion-column-wrapper fusion-flex-column-wrapper-legacy\"><div class=\"fusion-clearfix\"><\/div><\/div><\/div><\/div><div class=\"fusion-clearfix\"><\/div><\/div><\/div><\/div><\/div>\n<\/p>\n","protected":false},"excerpt":{"rendered":"","protected":false},"author":2,"featured_media":0,"parent":0,"menu_order":0,"comment_status":"closed","ping_status":"closed","template":"","meta":{"footnotes":""},"class_list":["post-2312","page","type-page","status-publish","hentry"],"aioseo_notices":[],"_links":{"self":[{"href":"https:\/\/brainteaselava.sk\/en\/wp-json\/wp\/v2\/pages\/2312","targetHints":{"allow":["GET"]}}],"collection":[{"href":"https:\/\/brainteaselava.sk\/en\/wp-json\/wp\/v2\/pages"}],"about":[{"href":"https:\/\/brainteaselava.sk\/en\/wp-json\/wp\/v2\/types\/page"}],"author":[{"embeddable":true,"href":"https:\/\/brainteaselava.sk\/en\/wp-json\/wp\/v2\/users\/2"}],"replies":[{"embeddable":true,"href":"https:\/\/brainteaselava.sk\/en\/wp-json\/wp\/v2\/comments?post=2312"}],"version-history":[{"count":3,"href":"https:\/\/brainteaselava.sk\/en\/wp-json\/wp\/v2\/pages\/2312\/revisions"}],"predecessor-version":[{"id":3460,"href":"https:\/\/brainteaselava.sk\/en\/wp-json\/wp\/v2\/pages\/2312\/revisions\/3460"}],"wp:attachment":[{"href":"https:\/\/brainteaselava.sk\/en\/wp-json\/wp\/v2\/media?parent=2312"}],"curies":[{"name":"wp","href":"https:\/\/api.w.org\/{rel}","templated":true}]}}