{"id":2645,"date":"2019-03-06T01:23:49","date_gmt":"2019-03-06T00:23:49","guid":{"rendered":"https:\/\/brainteaselava.sk\/?page_id=2645"},"modified":"2019-03-10T23:30:31","modified_gmt":"2019-03-10T22:30:31","slug":"franchise","status":"publish","type":"page","link":"https:\/\/brainteaselava.sk\/en\/franchise\/","title":{"rendered":"Franchise"},"content":{"rendered":"<p><div class=\"fusion-fullwidth fullwidth-box fusion-builder-row-1 nonhundred-percent-fullwidth non-hundred-percent-height-scrolling absolute-scroll-arrow\" style=\"--awb-border-radius-top-left:0px;--awb-border-radius-top-right:0px;--awb-border-radius-bottom-right:0px;--awb-border-radius-bottom-left:0px;--awb-flex-wrap:wrap;\" ><div class=\"fusion-builder-row fusion-row\"><div class=\"fusion-layout-column fusion_builder_column fusion-builder-column-0 fusion_builder_column_1_1 1_1 fusion-one-full fusion-column-first fusion-column-last\" style=\"--awb-bg-size:cover;\"><div class=\"fusion-column-wrapper fusion-flex-column-wrapper-legacy\"><p class=\"absolute-scroll-down-arrow\"><i class=\"fas asda fa-arrow-circle-down\"><\/i><\/p>\n<script>\njQuery(document).on('click', '.asda', function(event){\n\n    jQuery('html, body').animate({ scrollTop: window.scrollY + jQuery(window).height()*0.9-50 }, 200);\n  \n});\n\nwindow.onscroll = function(ev) {\n    if ((window.innerHeight + window.scrollY + 500) >= document.body.scrollHeight) {\n      jQuery('.absolute-scroll-down-arrow').css('display', 'none');\n    }\n};\n\n<\/script><div class=\"fusion-clearfix\"><\/div><\/div><\/div><\/div><\/div>\n<div class=\"fusion-fullwidth fullwidth-box fusion-builder-row-2 nonhundred-percent-fullwidth non-hundred-percent-height-scrolling content content-right content-first\" style=\"--awb-border-radius-top-left:0px;--awb-border-radius-top-right:0px;--awb-border-radius-bottom-right:0px;--awb-border-radius-bottom-left:0px;--awb-flex-wrap:wrap;\" ><div class=\"fusion-builder-row fusion-row\"><div class=\"fusion-layout-column fusion_builder_column fusion-builder-column-1 fusion_builder_column_1_1 1_1 fusion-one-full fusion-column-first fusion-column-last dark-background\" style=\"--awb-bg-size:cover;\"><div class=\"fusion-column-wrapper fusion-flex-column-wrapper-legacy\"><div class=\"fusion-clearfix\"><\/div><\/div><\/div><div class=\"fusion-layout-column fusion_builder_column fusion-builder-column-2 fusion_builder_column_1_1 1_1 fusion-one-full fusion-column-first fusion-column-last content-box\" style=\"--awb-bg-image:url(&#039;https:\/\/brainteaselava.sk\/wp-content\/uploads\/2018\/12\/DSC09564-1024x683.jpg&#039;);--awb-bg-size:cover;\"><div class=\"fusion-column-wrapper fusion-flex-column-wrapper-legacy fusion-column-has-bg-image\" data-bg-url=\"https:\/\/brainteaselava.sk\/wp-content\/uploads\/2018\/12\/DSC09564-1024x683.jpg\"><div class=\"fusion-builder-row fusion-builder-row-inner fusion-row\"><div class=\"fusion-layout-column fusion_builder_column_inner fusion-builder-nested-column-0 fusion_builder_column_inner_1_6 1_6 fusion-one-sixth fusion-column-first\" style=\"--awb-bg-size:cover;width:13.3333%; margin-right: 4%;\"><div class=\"fusion-column-wrapper fusion-flex-column-wrapper-legacy\"><!-- na tejto stranke niesu linky, ale toto tu musi byt--><div class=\"fusion-clearfix\"><\/div><\/div><\/div><\/div><div class=\"fusion-builder-row fusion-builder-row-inner fusion-row\"><div class=\"fusion-layout-column fusion_builder_column_inner fusion-builder-nested-column-1 fusion_builder_column_inner_3_5 3_5 fusion-three-fifth fusion-column-first dark-background-content\" style=\"--awb-bg-color:rgba(10,10,10,0.75);--awb-bg-color-hover:rgba(10,10,10,0.75);--awb-bg-size:cover;width:60%;width:calc(60% - ( ( 4% ) * 0.6 ) );margin-right: 4%;\"><div class=\"fusion-column-wrapper fusion-flex-column-wrapper-legacy\"><div class=\"fusion-text fusion-text-1 title title-white\"><p>Franchise<\/p>\n<\/div><div class=\"fusion-text fusion-text-2 game-text\"><p>Wondering about opening your own escape room but dont know where to start?<\/p>\n<p>We can help you with everything important and save you plenty of months wasted by slow realizing and fixing of begginer mistakes that can cost you a lot of monet and your reputation that can be nearly imposible to gain back.<\/p>\n<\/div><button onclick=\"jQuery('html, body').animate({scrollTop: jQuery('#kontakt').offset().top -(window.innerHeight \/ 5)}, 2000);\" class=\"button-element button-red\">More info<i class=\"fas fa-angle-right\"><\/i><\/button>\n<div class=\"fusion-clearfix\"><\/div><\/div><\/div><div class=\"fusion-layout-column fusion_builder_column_inner fusion-builder-nested-column-2 fusion_builder_column_inner_2_5 2_5 fusion-two-fifth fusion-column-last\" style=\"--awb-bg-size:cover;width:40%;width:calc(40% - ( ( 4% ) * 0.4 ) );\"><div class=\"fusion-column-wrapper fusion-flex-column-wrapper-legacy\"><div class=\"fusion-clearfix\"><\/div><\/div><\/div><\/div><div class=\"fusion-clearfix\"><\/div><\/div><\/div><\/div><\/div><div class=\"fusion-fullwidth fullwidth-box fusion-builder-row-3 nonhundred-percent-fullwidth non-hundred-percent-height-scrolling content-bullets-text margin-top-30\" style=\"--awb-border-radius-top-left:0px;--awb-border-radius-top-right:0px;--awb-border-radius-bottom-right:0px;--awb-border-radius-bottom-left:0px;--awb-flex-wrap:wrap;\" ><div class=\"fusion-builder-row fusion-row\"><div class=\"fusion-layout-column fusion_builder_column fusion-builder-column-3 fusion_builder_column_1_1 1_1 fusion-one-full fusion-column-first fusion-column-last bullet-text-content\" style=\"--awb-bg-size:cover;\"><div class=\"fusion-column-wrapper fusion-flex-column-wrapper-legacy\"><div class=\"fusion-text fusion-text-3 title little-title-red\"><p>What we offer?<\/p>\n<\/div><div class=\"fusion-text fusion-text-4 bullet-text\"><ul>\n<li>Longtime experience with game design, our games have the best reviews from tens of tousand satisfied customers.<\/li>\n<li>Complete blueprints of our games together with all manuals and other materials<\/li>\n<li>We provide all thematic props that will guarant unforgetable game atmosphere<\/li>\n<li>Technological equipment needed for magic effects and robust system for its control<\/li>\n<li>Website identical with brainteaselava.sk with online booking system<\/li>\n<li>Training of main game master<\/li>\n<li>Know-how, best practises and assistance for game operation.<\/li>\n<li>Marketing workshop and marketing manual<\/li>\n<\/ul>\n<\/div><div class=\"fusion-clearfix\"><\/div><\/div><\/div><\/div><\/div><div class=\"fusion-fullwidth fullwidth-box fusion-builder-row-4 nonhundred-percent-fullwidth non-hundred-percent-height-scrolling content-toggle margin-top-30\" style=\"--awb-border-radius-top-left:0px;--awb-border-radius-top-right:0px;--awb-border-radius-bottom-right:0px;--awb-border-radius-bottom-left:0px;--awb-flex-wrap:wrap;\" ><div class=\"fusion-builder-row fusion-row\"><div class=\"fusion-layout-column fusion_builder_column fusion-builder-column-4 fusion_builder_column_1_1 1_1 fusion-one-full fusion-column-first fusion-column-last content-toggles\" style=\"--awb-bg-size:cover;\"><div class=\"fusion-column-wrapper fusion-flex-column-wrapper-legacy\"><div class=\"fusion-text fusion-text-5 red-title\"><p>Which game is ideal for you?<\/p>\n<\/div><div class=\"accordian fusion-accordian toggles\" style=\"--awb-border-size:1px;--awb-icon-size:13px;--awb-content-font-size:13px;--awb-icon-alignment:left;--awb-hover-color:#f9f9f9;--awb-border-color:#cccccc;--awb-background-color:#ffffff;--awb-divider-color:#e0dede;--awb-divider-hover-color:#e0dede;--awb-icon-color:#ffffff;--awb-title-color:#ffffff;--awb-content-color:#ffffff;--awb-icon-box-color:#333333;--awb-toggle-hover-accent-color:#ff4343;--awb-title-font-family:&quot;Spartan Bold&quot;;--awb-title-font-weight:400;--awb-title-font-style:normal;--awb-title-line-height:1.5;--awb-content-font-family:&quot;Spartan Regular&quot;;--awb-content-font-style:normal;--awb-content-font-weight:400;\"><div class=\"panel-group fusion-toggle-icon-unboxed\" id=\"accordion-2645-1\"><div class=\"fusion-panel panel-default panel-3c6810f37fcb7ce7c fusion-toggle-no-divider\"><div class=\"panel-heading\"><h4 class=\"panel-title toggle\" id=\"toggle_3c6810f37fcb7ce7c\"><a aria-expanded=\"false\" aria-controls=\"3c6810f37fcb7ce7c\" role=\"button\" data-toggle=\"collapse\" data-parent=\"#accordion-2645-1\" data-target=\"#3c6810f37fcb7ce7c\" href=\"#3c6810f37fcb7ce7c\"><span class=\"fusion-toggle-icon-wrapper\" aria-hidden=\"true\"><i class=\"fa-fusion-box active-icon awb-icon-minus\" aria-hidden=\"true\"><\/i><i class=\"fa-fusion-box inactive-icon awb-icon-plus\" aria-hidden=\"true\"><\/i><\/span><span class=\"fusion-toggle-heading\">Escape Room<\/span><\/a><\/h4><\/div><div id=\"3c6810f37fcb7ce7c\" class=\"panel-collapse collapse \" aria-labelledby=\"toggle_3c6810f37fcb7ce7c\"><div class=\"panel-body toggle-content fusion-clearfix\">\n<ul>\n<li>Escape Room is famous concept so you do not need to explain your customers what is it<\/li>\n<li>Closed space and limited time helps intensity\u00a0 and atmosphere of the game, quests can be more complex and there for people will come back.<\/li>\n<li>Your premises can have low standards so costs are quite low.<\/li>\n<li>Our Escape Rooms have the best reviews in Slovakia so customer satisfaction is guaranted.<\/li>\n<\/ul>\n<\/div><\/div><\/div><div class=\"fusion-panel panel-default panel-254f6df5f2780e94f fusion-toggle-no-divider\"><div class=\"panel-heading\"><h4 class=\"panel-title toggle\" id=\"toggle_254f6df5f2780e94f\"><a aria-expanded=\"false\" aria-controls=\"254f6df5f2780e94f\" role=\"button\" data-toggle=\"collapse\" data-parent=\"#accordion-2645-1\" data-target=\"#254f6df5f2780e94f\" href=\"#254f6df5f2780e94f\"><span class=\"fusion-toggle-icon-wrapper\" aria-hidden=\"true\"><i class=\"fa-fusion-box active-icon awb-icon-minus\" aria-hidden=\"true\"><\/i><i class=\"fa-fusion-box inactive-icon awb-icon-plus\" aria-hidden=\"true\"><\/i><\/span><span class=\"fusion-toggle-heading\">City Game<\/span><\/a><\/h4><\/div><div id=\"254f6df5f2780e94f\" class=\"panel-collapse collapse \" aria-labelledby=\"toggle_254f6df5f2780e94f\"><div class=\"panel-body toggle-content fusion-clearfix\">\n<ul>\n<li>Uniqueness &#8211; there is much less cities with City Games than those with escape room and most of them have quite monotonous quests and not interactive.funny quest connected with locations as ours.<\/li>\n<li>Minimal initial costs &#8211; great ROI.<\/li>\n<li>Minimal fixed costs &#8211; no problem with low season.<\/li>\n<li>Game is really easy for gamemaster so you can combine this role with receptionist in hostel\/other servise.<\/li>\n<li>Game is suitable for small groups and also for big teambuildings, events.<\/li>\n<li>All our City Games has great reviews so people will enjoy also yours.<\/li>\n<\/ul>\n<\/div><\/div><\/div><div class=\"fusion-panel panel-default panel-d2a08616e4ee1b4f4 fusion-toggle-no-divider\"><div class=\"panel-heading\"><h4 class=\"panel-title toggle\" id=\"toggle_d2a08616e4ee1b4f4\"><a aria-expanded=\"false\" aria-controls=\"d2a08616e4ee1b4f4\" role=\"button\" data-toggle=\"collapse\" data-parent=\"#accordion-2645-1\" data-target=\"#d2a08616e4ee1b4f4\" href=\"#d2a08616e4ee1b4f4\"><span class=\"fusion-toggle-icon-wrapper\" aria-hidden=\"true\"><i class=\"fa-fusion-box active-icon awb-icon-minus\" aria-hidden=\"true\"><\/i><i class=\"fa-fusion-box inactive-icon awb-icon-plus\" aria-hidden=\"true\"><\/i><\/span><span class=\"fusion-toggle-heading\">Mystery Dinner<\/span><\/a><\/h4><\/div><div id=\"d2a08616e4ee1b4f4\" class=\"panel-collapse collapse \" aria-labelledby=\"toggle_d2a08616e4ee1b4f4\"><div class=\"panel-body toggle-content fusion-clearfix\">\n<ul>\n<li>Low initial costs \u2013 great return of investment<\/li>\n<li>Zero fixed costs \u2013 no problem with low season<\/li>\n<li>Game is easily portable \u2013 you can offer it in any hotel\/other area on request<\/li>\n<li>Game is popular for combination with dinner \u2013 possible to make extra profit on food\/drinks<\/li>\n<li>Great reviews, game is original for the role-playing part<\/li>\n<\/ul>\n<\/div><\/div><\/div><\/div><\/div><div class=\"fusion-clearfix\"><\/div><\/div><\/div><\/div><\/div><div class=\"fusion-fullwidth fullwidth-box fusion-builder-row-5 nonhundred-percent-fullwidth non-hundred-percent-height-scrolling content-toggle margin-top-30\" style=\"--awb-border-radius-top-left:0px;--awb-border-radius-top-right:0px;--awb-border-radius-bottom-right:0px;--awb-border-radius-bottom-left:0px;--awb-flex-wrap:wrap;\" ><div class=\"fusion-builder-row fusion-row\"><div class=\"fusion-layout-column fusion_builder_column fusion-builder-column-5 fusion_builder_column_1_1 1_1 fusion-one-full fusion-column-first fusion-column-last content-toggles\" style=\"--awb-bg-size:cover;\"><div class=\"fusion-column-wrapper fusion-flex-column-wrapper-legacy\"><div class=\"fusion-text fusion-text-6 red-title\"><p>Our branches<\/p>\n<\/div><div class=\"accordian fusion-accordian toggles\" style=\"--awb-border-size:1px;--awb-icon-size:13px;--awb-content-font-size:13px;--awb-icon-alignment:left;--awb-hover-color:#f9f9f9;--awb-border-color:#cccccc;--awb-background-color:#ffffff;--awb-divider-color:#e0dede;--awb-divider-hover-color:#e0dede;--awb-icon-color:#ffffff;--awb-title-color:#ffffff;--awb-content-color:#ffffff;--awb-icon-box-color:#333333;--awb-toggle-hover-accent-color:#ff4343;--awb-title-font-family:&quot;Spartan Bold&quot;;--awb-title-font-weight:400;--awb-title-font-style:normal;--awb-title-line-height:1.5;--awb-content-font-family:&quot;Spartan Regular&quot;;--awb-content-font-style:normal;--awb-content-font-weight:400;\"><div class=\"panel-group fusion-toggle-icon-unboxed\" id=\"accordion-2645-2\"><div class=\"fusion-panel panel-default panel-772f3670f1bd65926 fusion-toggle-no-divider\"><div class=\"panel-heading\"><h4 class=\"panel-title toggle\" id=\"toggle_772f3670f1bd65926\"><a aria-expanded=\"false\" aria-controls=\"772f3670f1bd65926\" role=\"button\" data-toggle=\"collapse\" data-parent=\"#accordion-2645-2\" data-target=\"#772f3670f1bd65926\" href=\"#772f3670f1bd65926\"><span class=\"fusion-toggle-icon-wrapper\" aria-hidden=\"true\"><i class=\"fa-fusion-box active-icon awb-icon-minus\" aria-hidden=\"true\"><\/i><i class=\"fa-fusion-box inactive-icon awb-icon-plus\" aria-hidden=\"true\"><\/i><\/span><span class=\"fusion-toggle-heading\">Bratislava<\/span><\/a><\/h4><\/div><div id=\"772f3670f1bd65926\" class=\"panel-collapse collapse \" aria-labelledby=\"toggle_772f3670f1bd65926\"><div class=\"panel-body toggle-content fusion-clearfix\">\n<ul>\n<li>Escape Room Treasure of J\u00e1no\u0161\u00edk (2x)<\/li>\n<li>Escape Room In the clutches of Secret Police<\/li>\n<li>Braintesaelava City Game<\/li>\n<li>Mystery Dinner Murder at Ba\u0165a&#8217;s<\/li>\n<li>3 new games soon<\/li>\n<\/ul>\n<\/div><\/div><\/div><div class=\"fusion-panel panel-default panel-d740a9f58a6e1b5b8 fusion-toggle-no-divider\"><div class=\"panel-heading\"><h4 class=\"panel-title toggle\" id=\"toggle_d740a9f58a6e1b5b8\"><a aria-expanded=\"false\" aria-controls=\"d740a9f58a6e1b5b8\" role=\"button\" data-toggle=\"collapse\" data-parent=\"#accordion-2645-2\" data-target=\"#d740a9f58a6e1b5b8\" href=\"#d740a9f58a6e1b5b8\"><span class=\"fusion-toggle-icon-wrapper\" aria-hidden=\"true\"><i class=\"fa-fusion-box active-icon awb-icon-minus\" aria-hidden=\"true\"><\/i><i class=\"fa-fusion-box inactive-icon awb-icon-plus\" aria-hidden=\"true\"><\/i><\/span><span class=\"fusion-toggle-heading\">Bansk\u00e1 \u0160tiavnica<\/span><\/a><\/h4><\/div><div id=\"d740a9f58a6e1b5b8\" class=\"panel-collapse collapse \" aria-labelledby=\"toggle_d740a9f58a6e1b5b8\"><div class=\"panel-body toggle-content fusion-clearfix\">\n<ul>\n<li>City Game Treasure of \u0160tiavnica<\/li>\n<li>Escape Room In the clutches of Secret Police (soon)<\/li>\n<li>Mystery Dinner Murder at Ba\u0165a&#8217;s (soon)<\/li>\n<li>Escape Room Golden mine (soon)<\/li>\n<\/ul>\n<\/div><\/div><\/div><div class=\"fusion-panel panel-default panel-250d01c950dcb488b fusion-toggle-no-divider\"><div class=\"panel-heading\"><h4 class=\"panel-title toggle\" id=\"toggle_250d01c950dcb488b\"><a aria-expanded=\"false\" aria-controls=\"250d01c950dcb488b\" role=\"button\" data-toggle=\"collapse\" data-parent=\"#accordion-2645-2\" data-target=\"#250d01c950dcb488b\" href=\"#250d01c950dcb488b\"><span class=\"fusion-toggle-icon-wrapper\" aria-hidden=\"true\"><i class=\"fa-fusion-box active-icon awb-icon-minus\" aria-hidden=\"true\"><\/i><i class=\"fa-fusion-box inactive-icon awb-icon-plus\" aria-hidden=\"true\"><\/i><\/span><span class=\"fusion-toggle-heading\">Prague<\/span><\/a><\/h4><\/div><div id=\"250d01c950dcb488b\" class=\"panel-collapse collapse \" aria-labelledby=\"toggle_250d01c950dcb488b\"><div class=\"panel-body toggle-content fusion-clearfix\">\n<ul>\n<li>Mystery Dinner Murder at Ba\u0165a&#8217;s (soon)<\/li>\n<li>City Game Treasures of old Prague (planned)<\/li>\n<\/ul>\n<\/div><\/div><\/div><div class=\"fusion-panel panel-default panel-4d764f9f6ff18da9f fusion-toggle-no-divider\"><div class=\"panel-heading\"><h4 class=\"panel-title toggle\" id=\"toggle_4d764f9f6ff18da9f\"><a aria-expanded=\"false\" aria-controls=\"4d764f9f6ff18da9f\" role=\"button\" data-toggle=\"collapse\" data-parent=\"#accordion-2645-2\" data-target=\"#4d764f9f6ff18da9f\" href=\"#4d764f9f6ff18da9f\"><span class=\"fusion-toggle-icon-wrapper\" aria-hidden=\"true\"><i class=\"fa-fusion-box active-icon awb-icon-minus\" aria-hidden=\"true\"><\/i><i class=\"fa-fusion-box inactive-icon awb-icon-plus\" aria-hidden=\"true\"><\/i><\/span><span class=\"fusion-toggle-heading\">Ko\u0161ice<\/span><\/a><\/h4><\/div><div id=\"4d764f9f6ff18da9f\" class=\"panel-collapse collapse \" aria-labelledby=\"toggle_4d764f9f6ff18da9f\"><div class=\"panel-body toggle-content fusion-clearfix\">\n<ul>\n<li>Looking for partner &#8211; City Game and Mystery Dinner<\/li>\n<\/ul>\n<\/div><\/div><\/div><div class=\"fusion-panel panel-default panel-017000ca0aefb857a fusion-toggle-no-divider\"><div class=\"panel-heading\"><h4 class=\"panel-title toggle\" id=\"toggle_017000ca0aefb857a\"><a aria-expanded=\"false\" aria-controls=\"017000ca0aefb857a\" role=\"button\" data-toggle=\"collapse\" data-parent=\"#accordion-2645-2\" data-target=\"#017000ca0aefb857a\" href=\"#017000ca0aefb857a\"><span class=\"fusion-toggle-icon-wrapper\" aria-hidden=\"true\"><i class=\"fa-fusion-box active-icon awb-icon-minus\" aria-hidden=\"true\"><\/i><i class=\"fa-fusion-box inactive-icon awb-icon-plus\" aria-hidden=\"true\"><\/i><\/span><span class=\"fusion-toggle-heading\">\u017dilina<\/span><\/a><\/h4><\/div><div id=\"017000ca0aefb857a\" class=\"panel-collapse collapse \" aria-labelledby=\"toggle_017000ca0aefb857a\"><div class=\"panel-body toggle-content fusion-clearfix\">\n<ul>\n<li>Looking for partner &#8211; City Game and Mystery Dinner<\/li>\n<\/ul>\n<\/div><\/div><\/div><\/div><\/div><div class=\"fusion-clearfix\"><\/div><\/div><\/div><\/div><\/div><div class=\"fusion-fullwidth fullwidth-box fusion-builder-row-6 nonhundred-percent-fullwidth non-hundred-percent-height-scrolling content content-right content-border-bottom content-bottom\" style=\"--awb-border-radius-top-left:0px;--awb-border-radius-top-right:0px;--awb-border-radius-bottom-right:0px;--awb-border-radius-bottom-left:0px;--awb-flex-wrap:wrap;\" id=\"kontakt\" ><div class=\"fusion-builder-row fusion-row\"><div class=\"fusion-layout-column fusion_builder_column fusion-builder-column-6 fusion_builder_column_1_1 1_1 fusion-one-full fusion-column-first fusion-column-last dark-background\" style=\"--awb-bg-size:cover;\"><div class=\"fusion-column-wrapper fusion-flex-column-wrapper-legacy\"><div class=\"fusion-clearfix\"><\/div><\/div><\/div><div class=\"fusion-layout-column fusion_builder_column fusion-builder-column-7 fusion_builder_column_1_1 1_1 fusion-one-full fusion-column-first fusion-column-last content-box\" style=\"--awb-bg-image:url(&#039;https:\/\/brainteaselava.sk\/wp-content\/uploads\/2019\/01\/camera-eyeglasses-eyewear-163185-1024x768.jpg&#039;);--awb-bg-size:cover;\" id=\"#kontakt\"><div class=\"fusion-column-wrapper fusion-flex-column-wrapper-legacy fusion-column-has-bg-image\" data-bg-url=\"https:\/\/brainteaselava.sk\/wp-content\/uploads\/2019\/01\/camera-eyeglasses-eyewear-163185-1024x768.jpg\"><div class=\"fusion-builder-row fusion-builder-row-inner fusion-row\"><div class=\"fusion-layout-column fusion_builder_column_inner fusion-builder-nested-column-3 fusion_builder_column_inner_3_5 3_5 fusion-three-fifth fusion-column-first dark-background-content\" style=\"--awb-bg-color:rgba(10,10,10,0.75);--awb-bg-color-hover:rgba(10,10,10,0.75);--awb-bg-size:cover;width:60%;width:calc(60% - ( ( 4% ) * 0.6 ) );margin-right: 4%;\"><div class=\"fusion-column-wrapper fusion-flex-column-wrapper-legacy\"><div class=\"fusion-text fusion-text-7 title title-white\"><p>Contact us<\/p>\n<\/div>[caldera_form id=\"CF5c7f18ddc64ce\"]<div class=\"fusion-clearfix\"><\/div><\/div><\/div><div class=\"fusion-layout-column fusion_builder_column_inner fusion-builder-nested-column-4 fusion_builder_column_inner_2_5 2_5 fusion-two-fifth fusion-column-last\" style=\"--awb-bg-size:cover;width:40%;width:calc(40% - ( ( 4% ) * 0.4 ) );\"><div class=\"fusion-column-wrapper fusion-flex-column-wrapper-legacy\"><div class=\"fusion-clearfix\"><\/div><\/div><\/div><\/div><div class=\"fusion-clearfix\"><\/div><\/div><\/div><\/div><\/div><\/p>\n","protected":false},"excerpt":{"rendered":"","protected":false},"author":2,"featured_media":0,"parent":0,"menu_order":0,"comment_status":"closed","ping_status":"closed","template":"","meta":{"footnotes":""},"class_list":["post-2645","page","type-page","status-publish","hentry"],"aioseo_notices":[],"_links":{"self":[{"href":"https:\/\/brainteaselava.sk\/en\/wp-json\/wp\/v2\/pages\/2645","targetHints":{"allow":["GET"]}}],"collection":[{"href":"https:\/\/brainteaselava.sk\/en\/wp-json\/wp\/v2\/pages"}],"about":[{"href":"https:\/\/brainteaselava.sk\/en\/wp-json\/wp\/v2\/types\/page"}],"author":[{"embeddable":true,"href":"https:\/\/brainteaselava.sk\/en\/wp-json\/wp\/v2\/users\/2"}],"replies":[{"embeddable":true,"href":"https:\/\/brainteaselava.sk\/en\/wp-json\/wp\/v2\/comments?post=2645"}],"version-history":[{"count":4,"href":"https:\/\/brainteaselava.sk\/en\/wp-json\/wp\/v2\/pages\/2645\/revisions"}],"predecessor-version":[{"id":2650,"href":"https:\/\/brainteaselava.sk\/en\/wp-json\/wp\/v2\/pages\/2645\/revisions\/2650"}],"wp:attachment":[{"href":"https:\/\/brainteaselava.sk\/en\/wp-json\/wp\/v2\/media?parent=2645"}],"curies":[{"name":"wp","href":"https:\/\/api.w.org\/{rel}","templated":true}]}}