{"id":2950,"date":"2019-03-15T02:26:21","date_gmt":"2019-03-15T01:26:21","guid":{"rendered":"https:\/\/brainteaselava.sk\/?page_id=2950"},"modified":"2019-03-15T02:26:21","modified_gmt":"2019-03-15T01:26:21","slug":"o-nas","status":"publish","type":"page","link":"https:\/\/brainteaselava.sk\/en\/o-nas\/","title":{"rendered":"O n\u00e1s"},"content":{"rendered":"<p><div class=\"fusion-fullwidth fullwidth-box fusion-builder-row-1 nonhundred-percent-fullwidth non-hundred-percent-height-scrolling content content-right content-first\" style=\"--awb-border-radius-top-left:0px;--awb-border-radius-top-right:0px;--awb-border-radius-bottom-right:0px;--awb-border-radius-bottom-left:0px;--awb-flex-wrap:wrap;\" ><div class=\"fusion-builder-row fusion-row\"><div class=\"fusion-layout-column fusion_builder_column fusion-builder-column-0 fusion_builder_column_1_1 1_1 fusion-one-full fusion-column-first fusion-column-last dark-background\" style=\"--awb-bg-size:cover;\"><div class=\"fusion-column-wrapper fusion-flex-column-wrapper-legacy\"><div class=\"fusion-clearfix\"><\/div><\/div><\/div><div class=\"fusion-layout-column fusion_builder_column fusion-builder-column-1 fusion_builder_column_1_1 1_1 fusion-one-full fusion-column-first fusion-column-last content-box\" style=\"--awb-bg-image:url(&#039;http:\/\/brainteaselava.amcef.sk\/wp-content\/uploads\/2019\/02\/IMG_4766d-1024x565.jpg&#039;);--awb-bg-size:cover;\"><div class=\"fusion-column-wrapper fusion-flex-column-wrapper-legacy fusion-column-has-bg-image\" data-bg-url=\"http:\/\/brainteaselava.amcef.sk\/wp-content\/uploads\/2019\/02\/IMG_4766d-1024x565.jpg\"><div class=\"fusion-builder-row fusion-builder-row-inner fusion-row\"><\/div><div class=\"fusion-builder-row fusion-builder-row-inner fusion-row\"><div class=\"fusion-layout-column fusion_builder_column_inner fusion-builder-nested-column-0 fusion_builder_column_inner_3_5 3_5 fusion-three-fifth fusion-column-first dark-background-content\" style=\"--awb-bg-color:rgba(10,10,10,0.75);--awb-bg-color-hover:rgba(10,10,10,0.75);--awb-bg-size:cover;width:60%;width:calc(60% - ( ( 4% ) * 0.6 ) );margin-right: 4%;\"><div class=\"fusion-column-wrapper fusion-flex-column-wrapper-legacy\"><div class=\"fusion-text fusion-text-1 title title-white\"><p>O n\u00e1s<\/p>\n<\/div><div class=\"accordian fusion-accordian toggles\" style=\"--awb-border-size:0px;--awb-icon-size:13px;--awb-content-font-size:13px;--awb-icon-alignment:left;--awb-hover-color:#f9f9f9;--awb-border-color:#cccccc;--awb-background-color:#ffffff;--awb-divider-color:#e0dede;--awb-divider-hover-color:#e0dede;--awb-icon-color:#ffffff;--awb-title-color:#ffffff;--awb-content-color:#ffffff;--awb-icon-box-color:#333333;--awb-toggle-hover-accent-color:#ff4343;--awb-title-font-family:&quot;Spartan Bold&quot;;--awb-title-font-weight:400;--awb-title-font-style:normal;--awb-title-line-height:1.5;--awb-content-font-family:&quot;Spartan Regular&quot;;--awb-content-font-style:normal;--awb-content-font-weight:400;\"><div class=\"panel-group fusion-toggle-icon-unboxed\" id=\"accordion-2950-1\"><div class=\"fusion-panel panel-default panel-299f9ce7803d51bbd fusion-toggle-no-divider\"><div class=\"panel-heading\"><h4 class=\"panel-title toggle\" id=\"toggle_299f9ce7803d51bbd\"><a class=\"active\" aria-expanded=\"true\" aria-controls=\"299f9ce7803d51bbd\" role=\"button\" data-toggle=\"collapse\" data-parent=\"#accordion-2950-1\" data-target=\"#299f9ce7803d51bbd\" href=\"#299f9ce7803d51bbd\"><span class=\"fusion-toggle-icon-wrapper\" aria-hidden=\"true\"><i class=\"fa-fusion-box active-icon awb-icon-minus\" aria-hidden=\"true\"><\/i><i class=\"fa-fusion-box inactive-icon awb-icon-plus\" aria-hidden=\"true\"><\/i><\/span><span class=\"fusion-toggle-heading\">\u010co rob\u00edme?<\/span><\/a><\/h4><\/div><div id=\"299f9ce7803d51bbd\" class=\"panel-collapse collapse in\" aria-labelledby=\"toggle_299f9ce7803d51bbd\"><div class=\"panel-body toggle-content fusion-clearfix\">\n<p><span class=\"ignored\">Brainteaselava prin\u00e1\u0161a r\u00f4znorod\u00e9 z\u00e1\u017eitkov\u00e9 aktivity zameran\u00e9 na rozvoj skupiny, jej spolupr\u00e1ce, komunik\u00e1cie, \u010di \u010fal\u0161\u00edch zru\u010dnost\u00ed. Na\u0161im cie\u013eom je poskytn\u00fa\u0165 \u013eu\u010fom zmyslupln\u00fa formu z\u00e1bavy, uk\u00e1za\u0165 im, \u017ee aj rozm\u00fd\u0161\u013eanie m\u00f4\u017ee by\u0165 z\u00e1bavn\u00e9 a tie\u017e ich netradi\u010dnou a z\u00e1bavnou formou aj nie\u010do nau\u010di\u0165.<br \/>\nSme jednotkou na trhu Escape Roomov a mestsk\u00fdch hier v Bratislave. Okrem toho pon\u00fakame na Slovensku jedine\u010dn\u00fa hru Mystery Dinner a cel\u00fa radu \u010fal\u0161\u00edch aktiv\u00edt prisp\u00f4sobovan\u00fdch po\u017eiadavk\u00e1m na\u0161ich klientov. Ponuku st\u00e1le roz\u0161irujeme, preto\u017ee \u017eiadna po\u017eiadavka pre n\u00e1s nie je nesplnite\u013en\u00e1 \ud83d\ude42<\/span><\/p>\n<\/div><\/div><\/div><div class=\"fusion-panel panel-default panel-b31b3f1d76fbffb27 fusion-toggle-no-divider\"><div class=\"panel-heading\"><h4 class=\"panel-title toggle\" id=\"toggle_b31b3f1d76fbffb27\"><a aria-expanded=\"false\" aria-controls=\"b31b3f1d76fbffb27\" role=\"button\" data-toggle=\"collapse\" data-parent=\"#accordion-2950-1\" data-target=\"#b31b3f1d76fbffb27\" href=\"#b31b3f1d76fbffb27\"><span class=\"fusion-toggle-icon-wrapper\" aria-hidden=\"true\"><i class=\"fa-fusion-box active-icon awb-icon-minus\" aria-hidden=\"true\"><\/i><i class=\"fa-fusion-box inactive-icon awb-icon-plus\" aria-hidden=\"true\"><\/i><\/span><span class=\"fusion-toggle-heading\">Pre\u010do to rob\u00edme?<\/span><\/a><\/h4><\/div><div id=\"b31b3f1d76fbffb27\" class=\"panel-collapse collapse \" aria-labelledby=\"toggle_b31b3f1d76fbffb27\"><div class=\"panel-body toggle-content fusion-clearfix\">\n<p>V mladosti sme dlh\u00e9 roky pom\u00e1hali v rozvoji \u0161ikovn\u00fdch det\u00ed pr\u00edpravou t\u00e1borov, organizovan\u00edm s\u00fa\u0165a\u017ee a \u010fal\u0161\u00edmi aktivitami v r\u00e1mci matematick\u00e9ho kore\u0161ponden\u010dn\u00e9ho semin\u00e1ru Rie\u0161ky. V\u017edy n\u00e1s okrem pr\u00edpravy hier bavilo aj hra\u0165 r\u00f4zne t\u00e1borov\u00e9 \u010di stolov\u00e9 hry a tak ke\u010f sme sa stretli s fenom\u00e9nom Escape Room hne\u010f sa n\u00e1m zap\u00e1\u010dil tie\u017e. Aj ke\u010f v Bratislave u\u017e tak\u00e9to hry boli, zdalo sa n\u00e1m, \u017ee by sa dali spravi\u0165 aj lep\u0161ie a tak sme sa v janu\u00e1ri 2015 rozhodli, \u017ee to vysk\u00fa\u0161ame.<\/p>\n<\/div><\/div><\/div><div class=\"fusion-panel panel-default panel-1c5708f9ee0ab09a0 fusion-toggle-no-divider\"><div class=\"panel-heading\"><h4 class=\"panel-title toggle\" id=\"toggle_1c5708f9ee0ab09a0\"><a aria-expanded=\"false\" aria-controls=\"1c5708f9ee0ab09a0\" role=\"button\" data-toggle=\"collapse\" data-parent=\"#accordion-2950-1\" data-target=\"#1c5708f9ee0ab09a0\" href=\"#1c5708f9ee0ab09a0\"><span class=\"fusion-toggle-icon-wrapper\" aria-hidden=\"true\"><i class=\"fa-fusion-box active-icon awb-icon-minus\" aria-hidden=\"true\"><\/i><i class=\"fa-fusion-box inactive-icon awb-icon-plus\" aria-hidden=\"true\"><\/i><\/span><span class=\"fusion-toggle-heading\">Pr\u00edbeh Brainteaselavy<\/span><\/a><\/h4><\/div><div id=\"1c5708f9ee0ab09a0\" class=\"panel-collapse collapse \" aria-labelledby=\"toggle_1c5708f9ee0ab09a0\"><div class=\"panel-body toggle-content fusion-clearfix\">\n<ul>\n<li>janu\u00e1r 2015 &#8211; Vznikol n\u00e1pad a rozhodli sme sa, \u017ee ideme do toho.<\/li>\n<li>j\u00fal 2015 &#8211; Po dlh\u00fdch pr\u00edprav\u00e1ch sme \u00faspe\u0161ne spustili na\u0161u prv\u00fa hru V paz\u00faroch \u0160tB.<\/li>\n<li>november 2015 &#8211; Pre ve\u013ek\u00fd \u00faspech prid\u00e1vame aj druh\u00fa rovnak\u00fa hru pre mo\u017enos\u0165 duelu.<\/li>\n<li>j\u00fan 2016 &#8211; Sp\u00fa\u0161\u0165ame mestsk\u00fa hru Brainteaselava City Game, ktor\u00e1 priniesla nov\u00fd druh z\u00e1\u017eitku, pre firmy v\u00e4\u010d\u0161iu kapacitu a pre turistov mo\u017enos\u0165 zauj\u00edmavej prehliadky mesta.<\/li>\n<li>leto 2016 &#8211; Za\u010dali sme robi\u0165 teambuildingy na mieru, kde sme postupne pripravovali aktivity pod\u013ea po\u017eiadaviek na\u0161ich klientov.<\/li>\n<li>september 2017 &#8211; Nov\u00fd escape room J\u00e1no\u0161\u00edkov poklad pln\u00fd nov\u00fdch technol\u00f3gii zabezpe\u010duj\u00facich magick\u00e9 efekty.<\/li>\n<li>janu\u00e1r 2018 &#8211; S\u0165ahujeme sa do nov\u00fdch priestorov na Z\u00e1mockej ulici.<\/li>\n<li>m\u00e1j 2018 &#8211; Sp\u00fa\u0161\u0165ame na Slovensku jedine\u010dn\u00fa detekt\u00edvnu role-play hru Mystery Dinner.<\/li>\n<li>j\u00fan 2018 &#8211; Nov\u00e1 pobo\u010dka v Banskej \u0160tiavnici &#8211; City Game \u0160tiavnick\u00fd poklad.<\/li>\n<\/ul>\n<\/div><\/div><\/div><\/div><\/div><div class=\"fusion-button-wrapper\"><a class=\"fusion-button button-flat fusion-button-default-size button-default fusion-button-default button-1 fusion-button-default-span fusion-button-default-type button button-red\" target=\"_self\" href=\"\/pridaj-sa-k-nam\"><span class=\"fusion-button-text awb-button__text awb-button__text--default\">Pridaj sa k n\u00e1m<\/span><i class=\"fa-angle-right fas awb-button__icon awb-button__icon--default button-icon-right\" aria-hidden=\"true\"><\/i><\/a><\/div><div class=\"fusion-clearfix\"><\/div><\/div><\/div><div class=\"fusion-layout-column fusion_builder_column_inner fusion-builder-nested-column-1 fusion_builder_column_inner_2_5 2_5 fusion-two-fifth fusion-column-last\" style=\"--awb-bg-size:cover;width:40%;width:calc(40% - ( ( 4% ) * 0.4 ) );\"><div class=\"fusion-column-wrapper fusion-flex-column-wrapper-legacy\"><div class=\"fusion-clearfix\"><\/div><\/div><\/div><\/div><div class=\"fusion-clearfix\"><\/div><\/div><\/div><\/div><\/div><div class=\"fusion-fullwidth fullwidth-box fusion-builder-row-2 fusion-flex-container fusion-parallax-none nonhundred-percent-fullwidth non-hundred-percent-height-scrolling content content-right content-border-bottom content-bottom\" style=\"--awb-border-radius-top-left:0px;--awb-border-radius-top-right:0px;--awb-border-radius-bottom-right:0px;--awb-border-radius-bottom-left:0px;--awb-background-image:url(&quot;https:\/\/brainteaselava.sk\/wp-content\/uploads\/2019\/01\/camera-eyeglasses-eyewear-163185-300x225.jpg&quot;);--awb-background-size:cover;--awb-flex-wrap:wrap;\" id=\"kontakt\" ><div class=\"fusion-builder-row fusion-row fusion-flex-align-items-flex-start fusion-flex-content-wrap\" style=\"max-width:1248px;margin-left: calc(-4% \/ 2 );margin-right: calc(-4% \/ 2 );\"><div class=\"fusion-layout-column fusion_builder_column fusion-builder-column-2 fusion_builder_column_1_1 1_1 fusion-flex-column dark-background\" style=\"--awb-bg-size:cover;--awb-width-large:100%;--awb-margin-top-large:0px;--awb-spacing-right-large:1.92%;--awb-margin-bottom-large:20px;--awb-spacing-left-large:1.92%;--awb-width-medium:100%;--awb-spacing-right-medium:1.92%;--awb-spacing-left-medium:1.92%;--awb-width-small:100%;--awb-spacing-right-small:1.92%;--awb-spacing-left-small:1.92%;\"><div class=\"fusion-column-wrapper fusion-flex-justify-content-flex-start fusion-content-layout-column\"><\/div><\/div><div class=\"fusion-layout-column fusion_builder_column fusion-builder-column-3 fusion_builder_column_1_1 1_1 fusion-flex-column content-box\" style=\"--awb-bg-image:url(&#039;http:\/\/brainteaselava.amcef.sk\/wp-content\/uploads\/2019\/01\/camera-eyeglasses-eyewear-163185-1024x768.jpg&#039;);--awb-bg-size:cover;--awb-width-large:100%;--awb-margin-top-large:0px;--awb-spacing-right-large:1.92%;--awb-margin-bottom-large:20px;--awb-spacing-left-large:1.92%;--awb-width-medium:100%;--awb-spacing-right-medium:1.92%;--awb-spacing-left-medium:1.92%;--awb-width-small:100%;--awb-spacing-right-small:1.92%;--awb-spacing-left-small:1.92%;\"><div class=\"fusion-column-wrapper fusion-flex-justify-content-flex-start fusion-content-layout-column fusion-column-has-bg-image\" data-bg-url=\"http:\/\/brainteaselava.amcef.sk\/wp-content\/uploads\/2019\/01\/camera-eyeglasses-eyewear-163185-1024x768.jpg\"><div class=\"fusion-builder-row fusion-builder-row-inner fusion-row fusion-flex-align-items-flex-start fusion-flex-content-wrap\" style=\"width:104% !important;max-width:104% !important;margin-left: calc(-4% \/ 2 );margin-right: calc(-4% \/ 2 );\"><div class=\"fusion-layout-column fusion_builder_column_inner fusion-builder-nested-column-2 fusion_builder_column_inner_3_5 3_5 fusion-flex-column dark-background-content\" style=\"--awb-bg-color:rgba(10,10,10,0.75);--awb-bg-color-hover:rgba(10,10,10,0.75);--awb-bg-size:cover;--awb-width-large:60%;--awb-margin-top-large:0px;--awb-spacing-right-large:3.2%;--awb-margin-bottom-large:20px;--awb-spacing-left-large:3.2%;--awb-width-medium:100%;--awb-spacing-right-medium:1.92%;--awb-spacing-left-medium:1.92%;--awb-width-small:100%;--awb-spacing-right-small:1.92%;--awb-spacing-left-small:1.92%;\"><div class=\"fusion-column-wrapper fusion-flex-justify-content-flex-start fusion-content-layout-column\"><div class=\"fusion-text fusion-text-2 title title-white\"><p>Nap\u00ed\u0161te n\u00e1m<\/p>\n<\/div>\n<div class=\"wpcf7 no-js\" id=\"wpcf7-f3940-o1\" lang=\"sk-SK\" dir=\"ltr\">\n<div class=\"screen-reader-response\"><p role=\"status\" aria-live=\"polite\" aria-atomic=\"true\"><\/p> <ul><\/ul><\/div>\n<form action=\"\/en\/wp-json\/wp\/v2\/pages\/2950#wpcf7-f3940-o1\" method=\"post\" class=\"wpcf7-form init\" aria-label=\"Kontaktn\u00fd formul\u00e1r\" novalidate=\"novalidate\" data-status=\"init\">\n<div style=\"display: none;\">\n<input type=\"hidden\" name=\"_wpcf7\" value=\"3940\" \/>\n<input type=\"hidden\" name=\"_wpcf7_version\" value=\"5.9.8\" \/>\n<input type=\"hidden\" name=\"_wpcf7_locale\" value=\"sk_SK\" \/>\n<input type=\"hidden\" name=\"_wpcf7_unit_tag\" value=\"wpcf7-f3940-o1\" \/>\n<input type=\"hidden\" name=\"_wpcf7_container_post\" value=\"0\" \/>\n<input type=\"hidden\" name=\"_wpcf7_posted_data_hash\" value=\"\" \/>\n<input type=\"hidden\" name=\"_wpcf7_recaptcha_response\" value=\"\" \/>\n<\/div>\n<p><label> Va\u0161e meno<br \/>\n<span class=\"wpcf7-form-control-wrap\" data-name=\"your-name\"><input size=\"40\" maxlength=\"400\" class=\"wpcf7-form-control wpcf7-text wpcf7-validates-as-required\" autocomplete=\"name\" aria-required=\"true\" aria-invalid=\"false\" value=\"\" type=\"text\" name=\"your-name\" \/><\/span> <\/label>\n<\/p>\n<p><label> V\u00e1\u0161 email<br \/>\n<span class=\"wpcf7-form-control-wrap\" data-name=\"your-email\"><input size=\"40\" maxlength=\"400\" class=\"wpcf7-form-control wpcf7-email wpcf7-validates-as-required wpcf7-text wpcf7-validates-as-email\" autocomplete=\"email\" aria-required=\"true\" aria-invalid=\"false\" value=\"\" type=\"email\" name=\"your-email\" \/><\/span> <\/label>\n<\/p>\n<p><label> Predmet<br \/>\n<span class=\"wpcf7-form-control-wrap\" data-name=\"your-subject\"><input size=\"40\" maxlength=\"400\" class=\"wpcf7-form-control wpcf7-text wpcf7-validates-as-required\" aria-required=\"true\" aria-invalid=\"false\" value=\"\" type=\"text\" name=\"your-subject\" \/><\/span> <\/label>\n<\/p>\n<p><label> Va\u0161a spr\u00e1va (volite\u013en\u00e9)<br \/>\n<span class=\"wpcf7-form-control-wrap\" data-name=\"your-message\"><textarea cols=\"40\" rows=\"10\" maxlength=\"2000\" class=\"wpcf7-form-control wpcf7-textarea\" aria-invalid=\"false\" name=\"your-message\"><\/textarea><\/span> <\/label>\n<\/p>\n<p><input class=\"wpcf7-form-control wpcf7-submit has-spinner\" type=\"submit\" value=\"Odosla\u0165\" \/>\n<\/p><div class=\"fusion-alert alert custom alert-custom fusion-alert-center wpcf7-response-output fusion-alert-capitalize awb-alert-native-link-color alert-dismissable awb-alert-close-boxed\" style=\"--awb-border-size:1px;--awb-border-top-left-radius:0px;--awb-border-top-right-radius:0px;--awb-border-bottom-left-radius:0px;--awb-border-bottom-right-radius:0px;\" role=\"alert\"><div class=\"fusion-alert-content-wrapper\"><span class=\"fusion-alert-content\"><\/span><\/div><button type=\"button\" class=\"close toggle-alert\" data-dismiss=\"alert\" aria-label=\"Close\">&times;<\/button><\/div>\n<\/form>\n<\/div>\n<\/div><\/div><div class=\"fusion-layout-column fusion_builder_column_inner fusion-builder-nested-column-3 fusion_builder_column_inner_2_5 2_5 fusion-flex-column\" style=\"--awb-bg-size:cover;--awb-width-large:40%;--awb-margin-top-large:0px;--awb-spacing-right-large:4.8%;--awb-margin-bottom-large:20px;--awb-spacing-left-large:4.8%;--awb-width-medium:100%;--awb-spacing-right-medium:1.92%;--awb-spacing-left-medium:1.92%;--awb-width-small:100%;--awb-spacing-right-small:1.92%;--awb-spacing-left-small:1.92%;\"><div class=\"fusion-column-wrapper fusion-flex-justify-content-flex-start fusion-content-layout-column\"><\/div><\/div><\/div><\/div><\/div><\/div><\/div>\n<\/p>\n","protected":false},"excerpt":{"rendered":"","protected":false},"author":2,"featured_media":0,"parent":0,"menu_order":0,"comment_status":"closed","ping_status":"closed","template":"","meta":{"footnotes":""},"class_list":["post-2950","page","type-page","status-publish","hentry"],"aioseo_notices":[],"_links":{"self":[{"href":"https:\/\/brainteaselava.sk\/en\/wp-json\/wp\/v2\/pages\/2950","targetHints":{"allow":["GET"]}}],"collection":[{"href":"https:\/\/brainteaselava.sk\/en\/wp-json\/wp\/v2\/pages"}],"about":[{"href":"https:\/\/brainteaselava.sk\/en\/wp-json\/wp\/v2\/types\/page"}],"author":[{"embeddable":true,"href":"https:\/\/brainteaselava.sk\/en\/wp-json\/wp\/v2\/users\/2"}],"replies":[{"embeddable":true,"href":"https:\/\/brainteaselava.sk\/en\/wp-json\/wp\/v2\/comments?post=2950"}],"version-history":[{"count":1,"href":"https:\/\/brainteaselava.sk\/en\/wp-json\/wp\/v2\/pages\/2950\/revisions"}],"predecessor-version":[{"id":2952,"href":"https:\/\/brainteaselava.sk\/en\/wp-json\/wp\/v2\/pages\/2950\/revisions\/2952"}],"wp:attachment":[{"href":"https:\/\/brainteaselava.sk\/en\/wp-json\/wp\/v2\/media?parent=2950"}],"curies":[{"name":"wp","href":"https:\/\/api.w.org\/{rel}","templated":true}]}}